{"id":4207,"date":"2022-02-12T12:35:28","date_gmt":"2022-02-12T12:35:28","guid":{"rendered":"https:\/\/me.liatto.com\/drei-wege-zum-kailash\/"},"modified":"2022-06-28T08:28:07","modified_gmt":"2022-06-28T08:28:07","slug":"drei-wege-zum-kailash","status":"publish","type":"page","link":"https:\/\/snowjewel.com\/de\/drei-wege-zum-kailash\/","title":{"rendered":"Drei Wege zum Kailash"},"content":{"rendered":"<p>[et_pb_section fb_built=&#8220;1&#8243; _builder_version=&#8220;4.14.7&#8243; _module_preset=&#8220;default&#8220; background_color=&#8220;gcid-c34dd9be-7093-4f8b-943f-d67f80a9b109&#8243; custom_padding=&#8220;||2px|||&#8220; global_colors_info=&#8220;{%22gcid-c34dd9be-7093-4f8b-943f-d67f80a9b109%22:%91%22background_color%22%93}&#8220;][et_pb_row _builder_version=&#8220;4.14.9&#8243; _module_preset=&#8220;default&#8220; custom_padding=&#8220;||9px|||&#8220; hover_enabled=&#8220;0&#8243; global_colors_info=&#8220;{}&#8220; width=&#8220;95%&#8220; sticky_enabled=&#8220;0&#8243;][et_pb_column type=&#8220;4_4&#8243; _builder_version=&#8220;4.14.7&#8243; _module_preset=&#8220;default&#8220; global_colors_info=&#8220;{}&#8220;][et_pb_text admin_label=&#8220;Discover Beatuty Title&#8220; _builder_version=&#8220;4.14.7&#8243; text_font=&#8220;||||&#8220; text_text_color=&#8220;#1a1a1a&#8220; header_font=&#8220;Oswald|700|||||||&#8220; header_text_align=&#8220;left&#8220; header_text_color=&#8220;#ffffff&#8220; header_line_height=&#8220;1.3em&#8220; animation_style=&#8220;slide&#8220; animation_direction=&#8220;%22fade_in%22&#8243; animation_duration=&#8220;500ms&#8220; animation_intensity_slide=&#8220;10%&#8220; global_colors_info=&#8220;{}&#8220;]<\/p>\n<h1 style=\"text-align: center;\">Die drei g\u00e4ngigsten Wege um zum Berg Kailash zu gelangen:<\/h1>\n<p>[\/et_pb_text][\/et_pb_column][\/et_pb_row][\/et_pb_section][et_pb_section fb_built=&#8220;1&#8243; _builder_version=&#8220;4.14.7&#8243; _module_preset=&#8220;default&#8220; background_enable_color=&#8220;off&#8220; use_background_color_gradient=&#8220;on&#8220; background_color_gradient_start=&#8220;gcid-c34dd9be-7093-4f8b-943f-d67f80a9b109&#8243; background_color_gradient_end=&#8220;#ffffff&#8220; background_color_gradient_start_position=&#8220;17%&#8220; background_color_gradient_end_position=&#8220;14%&#8220; custom_padding=&#8220;0px||12px||false|false&#8220; global_colors_info=&#8220;{%22gcid-c34dd9be-7093-4f8b-943f-d67f80a9b109%22:%91%22colorStart%22%93}&#8220;][et_pb_row _builder_version=&#8220;4.14.7&#8243; _module_preset=&#8220;default&#8220; min_height=&#8220;659.7px&#8220; custom_padding=&#8220;0px||0px||false|false&#8220; global_colors_info=&#8220;{}&#8220;][et_pb_column type=&#8220;4_4&#8243; _builder_version=&#8220;4.14.7&#8243; _module_preset=&#8220;default&#8220; global_colors_info=&#8220;{}&#8220;][et_pb_image src=&#8220;https:\/\/snowjewel.com\/wp-content\/uploads\/2022\/02\/tibetmaplong.jpeg&#8220; title_text=&#8220;tibetmaplong&#8220; force_fullwidth=&#8220;on&#8220; align_tablet=&#8220;center&#8220; align_phone=&#8220;center&#8220; align_last_edited=&#8220;on|desktop&#8220; _builder_version=&#8220;4.14.7&#8243; custom_margin=&#8220;-2px|||||&#8220; animation_style=&#8220;fold&#8220; animation_direction=&#8220;right&#8220; animation_intensity_fold=&#8220;20%&#8220; box_shadow_style=&#8220;preset1&#8243; animation=&#8220;fade_in&#8220; global_colors_info=&#8220;{}&#8220;][\/et_pb_image][\/et_pb_column][\/et_pb_row][\/et_pb_section][et_pb_section fb_built=&#8220;1&#8243; _builder_version=&#8220;3.22&#8243; custom_padding=&#8220;13px||50px|||&#8220; global_colors_info=&#8220;{}&#8220;][et_pb_row _builder_version=&#8220;4.14.9&#8243; hover_enabled=&#8220;0&#8243; global_colors_info=&#8220;{}&#8220; width=&#8220;95%&#8220; sticky_enabled=&#8220;0&#8243;][et_pb_column type=&#8220;4_4&#8243; _builder_version=&#8220;3.25&#8243; custom_padding=&#8220;|||&#8220; global_colors_info=&#8220;{}&#8220; custom_padding__hover=&#8220;|||&#8220;][et_pb_text admin_label=&#8220;Discover Beatuty Sub Title&#8220; _builder_version=&#8220;4.14.7&#8243; text_font=&#8220;Roboto||||&#8220; text_text_color=&#8220;#1a1a1a&#8220; text_font_size=&#8220;24px&#8220; text_line_height=&#8220;1.4em&#8220; custom_margin=&#8220;||9px|||&#8220; animation_style=&#8220;slide&#8220; animation_direction=&#8220;top&#8220; animation_delay=&#8220;100ms&#8220; animation_intensity_slide=&#8220;10%&#8220; global_colors_info=&#8220;{}&#8220;]<\/p>\n<p><strong>1. Die Suedroute direkt von Kathmandu:<\/strong><\/p>\n<p>[\/et_pb_text][et_pb_divider color=&#8220;#ed4441&#8243; divider_position=&#8220;center&#8220; divider_weight=&#8220;3px&#8220; disabled_on=&#8220;off|off|off&#8220; _builder_version=&#8220;3.2&#8243; max_width=&#8220;150px&#8220; height=&#8220;false&#8220; animation_style=&#8220;slide&#8220; animation_direction=&#8220;top&#8220; animation_delay=&#8220;200ms&#8220; animation_intensity_slide=&#8220;10%&#8220; global_colors_info=&#8220;{}&#8220;][\/et_pb_divider][et_pb_text disabled_on=&#8220;off|off|off%22%22&#8243; admin_label=&#8220;Discover Beatuty Text&#8220; _builder_version=&#8220;4.14.9&#8243; text_font=&#8220;Roboto||||&#8220; text_font_size=&#8220;16px&#8220; text_line_height=&#8220;1.9em&#8220; custom_margin=&#8220;-29px|||||&#8220; custom_padding=&#8220;13px|||||&#8220; animation_style=&#8220;slide&#8220; animation_direction=&#8220;top&#8220; animation_delay=&#8220;300ms&#8220; animation_intensity_slide=&#8220;10%&#8220; hover_enabled=&#8220;0&#8243; global_colors_info=&#8220;{}&#8220; sticky_enabled=&#8220;0&#8243;]<\/p>\n<p style=\"text-align: justify;\">Die Route via Kodari hat sich zu meinem Lieblingsweg entwickelt. Durch 3 Tage Akklimatisation in Nyalam bietet die Reise eine sehr gute H\u00f6henanpassung. Nur wenn man 4 N\u00e4chte 3 Tage Anpassung hat, gilt die Reise als sicher! Leider gibt es viele Anbieter, denen es hier an Sorgfalt mangelt und die weniger Zeit einplanen. Dadurch werden die Teilnehmer einem hohen Krankheitsrisiko augesetzt. Immer wieder f\u00fchrt das zu starken Beschwerden bis hin zu Todesgefahr. In den Tagen in Nyalam kann man sich einfach ausruhen und K\u00f6rper und Geist die n\u00f6tige Zeit zur Anpassung geben. Dabei gibt es sch\u00f6ne Wanderungnen um Nyalam. Viele Pl\u00e4tze in der unmittelbaren Umgebung stehen direkt mit dem heiligen Berg Kailash in Verbindung. So hat man die M\u00f6glichkeit, sich langsam auf den Berg einzustimmen und den heimatlichen Alltag etwas ausklingen zu lassen. Die Trekkingtage sind so gestuft, dass man jeden Tag etwas weiter und h\u00f6her geht, dies in der Gegend von Shishmapangma, dem kleinsten Achtausender mitten im Himalaya, mit ausserordentlicher Sicht auf einige 6 bis 7 tausend Meter hohe Berge und Gletscher.<\/p>\n<p style=\"text-align: justify;\">Der Schwerpunkt ist hier die Begegnung mit der Natur, Ruhe und der heilige Berg. Die ist die g\u00fcnstigste Reise, weil der teure Flug wegf\u00e4llt.<\/p>\n<p style=\"text-align: justify;\">*Voraussetzung f\u00fcr diese Reise ist mittlere Fitness und eine gute Gesundheit !<\/p>\n<p style=\"text-align: justify;\">Alle Reisepl\u00e4ne haben eine Viertages-Kora \/Trekking und bieten am sch\u00f6nsten Platz am heiligen Berg einen Ruhetag an, dadurch schaffen es 95 bis 99% meiner Teilnehmer, den Dr\u00f6lmalapass 5650 M. zu \u00fcberqueren. Bei den meisten Anbietern schaffen es nur ca. 60 bis 75%, die Umwandlung ganz zu vollziehen, weil sie bei der Planung zu wenig Wert auf die H\u00f6henanpassung legen !<\/p>\n<p>[\/et_pb_text][\/et_pb_column][\/et_pb_row][et_pb_row _builder_version=&#8220;4.14.9&#8243; hover_enabled=&#8220;0&#8243; global_colors_info=&#8220;{}&#8220; width=&#8220;95%&#8220; sticky_enabled=&#8220;0&#8243;][et_pb_column type=&#8220;4_4&#8243; _builder_version=&#8220;3.25&#8243; custom_padding=&#8220;|||&#8220; global_colors_info=&#8220;{}&#8220; custom_padding__hover=&#8220;|||&#8220;][et_pb_text admin_label=&#8220;Discover Beatuty Sub Title&#8220; _builder_version=&#8220;4.14.7&#8243; text_font=&#8220;Roboto||||&#8220; text_text_color=&#8220;#1a1a1a&#8220; text_font_size=&#8220;24px&#8220; text_line_height=&#8220;1.4em&#8220; custom_margin=&#8220;||9px|||&#8220; animation_style=&#8220;slide&#8220; animation_direction=&#8220;top&#8220; animation_delay=&#8220;100ms&#8220; animation_intensity_slide=&#8220;10%&#8220; global_colors_info=&#8220;{}&#8220;]<\/p>\n<p><strong>2. Von Lhasa zum Mt. Kailash<\/strong><\/p>\n<p>[\/et_pb_text][et_pb_divider color=&#8220;#ed4441&#8243; divider_position=&#8220;center&#8220; divider_weight=&#8220;3px&#8220; disabled_on=&#8220;off|off|off&#8220; _builder_version=&#8220;3.2&#8243; max_width=&#8220;150px&#8220; height=&#8220;false&#8220; animation_style=&#8220;slide&#8220; animation_direction=&#8220;top&#8220; animation_delay=&#8220;200ms&#8220; animation_intensity_slide=&#8220;10%&#8220; global_colors_info=&#8220;{}&#8220;][\/et_pb_divider][et_pb_text disabled_on=&#8220;off|off|off%22%22&#8243; admin_label=&#8220;Discover Beatuty Text&#8220; _builder_version=&#8220;4.14.9&#8243; text_font=&#8220;Roboto||||&#8220; text_font_size=&#8220;16px&#8220; text_line_height=&#8220;1.9em&#8220; custom_margin=&#8220;-29px|||||&#8220; custom_padding=&#8220;13px|||||&#8220; animation_style=&#8220;slide&#8220; animation_direction=&#8220;top&#8220; animation_delay=&#8220;300ms&#8220; animation_intensity_slide=&#8220;10%&#8220; hover_enabled=&#8220;0&#8243; global_colors_info=&#8220;{}&#8220; sticky_enabled=&#8220;0&#8243;]<\/p>\n<p style=\"text-align: justify;\">Diese Reiseroute ist sicherlich die ausgeglichenste Reisevariante zum heiligen Berg, die es Ihnen erlaubt, viele Sehensw\u00fcrdigkeiten und die wichtigsten St\u00e4dte Zentral-Tibets zu besuchen. Eigentlich beinhaltet diese Route zwei Reisen, da sie Reiseziele der Reise KTM-Lhasa und Mt Kailash entlang der s\u00fcdlichen Route verbindet.<\/p>\n<p style=\"text-align: justify;\">Auf diese Weise zu reisen, gestattet es Ihnen, sich bestens an die H\u00f6he zu akklimatisieren. Bis jetzt haben keine meiner Reiseteilnehmer auf dieser Route irgendwelche gesundheitlichen Schwierigkeiten bekommen. Meines Erachtens ist das darauf zur\u00fcckzuf\u00fchren, dass Sie bereits 10 Tage im Land sind bevor Sie den Kailash umrunden.<\/p>\n<p style=\"text-align: justify;\">Auf der Kora (Umrundung) selbst hat man pro Lauftag nicht mehr als 350m H\u00f6henmeter bei der \u00fcbernachtung und reduziert somit das Risiko der H\u00f6henkrankheit.<\/p>\n<p style=\"text-align: justify;\">Alle Reisepl\u00e4ne haben eine Viertages-Kora \/Trekking und bieten am sch\u00f6nsten Platz am heiligen Berg einen Ruhetag an, dadurch schaffen es 95 bis 99% meiner Teilnehmer, den Dr\u00f6lmalapass 5650 M. zu \u00fcberqueren. Bei den meisten Anbietern schaffen es nur ca. 60 bis 75%, die Umwandlung ganz zu vollziehen, weil sie bei der Planung zu wenig Wert auf die H\u00f6henanpassung legen !<\/p>\n<p>[\/et_pb_text][\/et_pb_column][\/et_pb_row][et_pb_row _builder_version=&#8220;4.14.9&#8243; hover_enabled=&#8220;0&#8243; global_colors_info=&#8220;{}&#8220; width=&#8220;95%&#8220; sticky_enabled=&#8220;0&#8243;][et_pb_column type=&#8220;4_4&#8243; _builder_version=&#8220;3.25&#8243; custom_padding=&#8220;|||&#8220; global_colors_info=&#8220;{}&#8220; custom_padding__hover=&#8220;|||&#8220;][et_pb_text admin_label=&#8220;Discover Beatuty Sub Title&#8220; _builder_version=&#8220;4.14.7&#8243; text_font=&#8220;Roboto||||&#8220; text_text_color=&#8220;#1a1a1a&#8220; text_font_size=&#8220;24px&#8220; text_line_height=&#8220;1.4em&#8220; custom_margin=&#8220;||9px|||&#8220; animation_style=&#8220;slide&#8220; animation_direction=&#8220;top&#8220; animation_delay=&#8220;100ms&#8220; animation_intensity_slide=&#8220;10%&#8220; global_colors_info=&#8220;{}&#8220;]<\/p>\n<p><strong>3. Via Simikot<\/strong><\/p>\n<p>[\/et_pb_text][et_pb_divider color=&#8220;#ed4441&#8243; divider_position=&#8220;center&#8220; divider_weight=&#8220;3px&#8220; disabled_on=&#8220;off|off|off&#8220; _builder_version=&#8220;3.2&#8243; max_width=&#8220;150px&#8220; height=&#8220;false&#8220; animation_style=&#8220;slide&#8220; animation_direction=&#8220;top&#8220; animation_delay=&#8220;200ms&#8220; animation_intensity_slide=&#8220;10%&#8220; global_colors_info=&#8220;{}&#8220;][\/et_pb_divider][et_pb_text disabled_on=&#8220;off|off|off%22%22&#8243; admin_label=&#8220;Discover Beatuty Text&#8220; _builder_version=&#8220;4.14.9&#8243; text_font=&#8220;Roboto||||&#8220; text_font_size=&#8220;16px&#8220; text_line_height=&#8220;1.9em&#8220; custom_margin=&#8220;-29px|||||&#8220; custom_padding=&#8220;13px|||||&#8220; animation_style=&#8220;slide&#8220; animation_direction=&#8220;top&#8220; animation_delay=&#8220;300ms&#8220; animation_intensity_slide=&#8220;10%&#8220; hover_enabled=&#8220;0&#8243; global_colors_info=&#8220;{}&#8220; sticky_enabled=&#8220;0&#8243;]<\/p>\n<p style=\"text-align: justify;\">Simmikot, die alte Pilgerroute; Seit \u00fcber tausend Jahren wird diese Strecke quer durch den Himalaya von Yogis und Pilgern begangen. Um nach Simmikot zu gelangen, plant man mindestens einen Inlandflug ein und landet, mit einer Propellermaschine, auf dem ca. 2800m gelegenen Simmikot. Anschliessend startet die 6-t\u00e4gige Wanderung entlang dem Karnali Fluss bis zur Tibetischen Grenze.<\/p>\n<p style=\"text-align: justify;\">Das Besondere bei dieser Reise ist, dass man von einem Land ins andere zu Fuss unterwegs ist und dabei von \u00fcppiger Vegetation, langsam in die karge Hochw\u00fcste Tibets \u00fcberwechselt. Bei der Wanderung hat man die M\u00f6glichkeit dem einfachen b\u00e4uerlichen Leben Nepals zu begegnen und die Strecke wird von vielen Handelskaravanen begangen, welche mit Ziegen, oder Yaks, Maultieren und Pferden, G\u00fcter von Tibet ins Nepalesische Hochland f\u00fchren. Wichtig bei dieser Reise ist, dass man bei Ankunft in Tibet gen\u00fcgend Ruhetage zur Akklimatisation einplant (mindestens 3 Tage). Ansonsten besteht die Gefahr h\u00f6henkrank zu werden.<\/p>\n<p style=\"text-align: justify;\">Pers\u00f6nliche Einstufung der Reise; Eine, f\u00fcr den K\u00f6rper sehr anspruchsvolle Reise, mit h\u00e4ufigem Wechsel von warmen und kalten Temperaturen und viel Wechsel zwischen hohen und tiefen geografischen Lagen.<\/p>\n<p style=\"text-align: justify;\">Sie werden bei der Reise, bei beiden Stufen (Budget- oder Spezialtour), von einem Nepalesischen Sherpa-Guide begleitet, der ortskundig ist und in der Gegend auch Verwandte hat und sich somit sehr gut auskennt. Aufgrund des hochgelegenen Flughafens besteht, bei schlechtem Wetter, die Gefahr von Flugversp\u00e4tungen (max. 5 Tage). Somit sollten bei solchen Reisen immer gen\u00fcgend Reservetage eingeplant werden!<\/p>\n<p style=\"text-align: justify;\">Die sicherste Reisezeit ist von Mitte Mai bis anfangs mitte Juni und dann ab Mitte September bis Anfang Oktober. Bei allen anderen Reisezeiten muss mit Regen und Schnee gerechnet werden!<\/p>\n<p>[\/et_pb_text][\/et_pb_column][\/et_pb_row][\/et_pb_section]<\/p>\n","protected":false},"excerpt":{"rendered":"<p>Die drei g\u00e4ngigsten Wege um zum Berg Kailash zu gelangen:1. Die Suedroute direkt von Kathmandu:Die Route via Kodari hat sich zu meinem Lieblingsweg entwickelt. Durch 3 Tage Akklimatisation in Nyalam bietet die Reise eine sehr gute H\u00f6henanpassung. Nur wenn man 4 N\u00e4chte 3 Tage Anpassung hat, gilt die Reise als sicher! Leider gibt es viele [&hellip;]<\/p>\n","protected":false},"author":1,"featured_media":0,"parent":0,"menu_order":0,"comment_status":"closed","ping_status":"closed","template":"","meta":{"_et_pb_use_builder":"on","_et_pb_old_content":"","_et_gb_content_width":"","footnotes":""},"class_list":["post-4207","page","type-page","status-publish","hentry"],"_links":{"self":[{"href":"https:\/\/snowjewel.com\/de\/wp-json\/wp\/v2\/pages\/4207","targetHints":{"allow":["GET"]}}],"collection":[{"href":"https:\/\/snowjewel.com\/de\/wp-json\/wp\/v2\/pages"}],"about":[{"href":"https:\/\/snowjewel.com\/de\/wp-json\/wp\/v2\/types\/page"}],"author":[{"embeddable":true,"href":"https:\/\/snowjewel.com\/de\/wp-json\/wp\/v2\/users\/1"}],"replies":[{"embeddable":true,"href":"https:\/\/snowjewel.com\/de\/wp-json\/wp\/v2\/comments?post=4207"}],"version-history":[{"count":7,"href":"https:\/\/snowjewel.com\/de\/wp-json\/wp\/v2\/pages\/4207\/revisions"}],"predecessor-version":[{"id":4524,"href":"https:\/\/snowjewel.com\/de\/wp-json\/wp\/v2\/pages\/4207\/revisions\/4524"}],"wp:attachment":[{"href":"https:\/\/snowjewel.com\/de\/wp-json\/wp\/v2\/media?parent=4207"}],"curies":[{"name":"wp","href":"https:\/\/api.w.org\/{rel}","templated":true}]}}