{"id":4172,"date":"2022-02-12T12:17:38","date_gmt":"2022-02-12T12:17:38","guid":{"rendered":"https:\/\/me.liatto.com\/der-veranstalter\/"},"modified":"2022-06-28T08:25:28","modified_gmt":"2022-06-28T08:25:28","slug":"der-veranstalter","status":"publish","type":"page","link":"https:\/\/snowjewel.com\/de\/der-veranstalter\/","title":{"rendered":"Der Veranstalter"},"content":{"rendered":"<p>[et_pb_section fb_built=&#8220;1&#8243; _builder_version=&#8220;4.14.7&#8243; _module_preset=&#8220;default&#8220; background_image=&#8220;https:\/\/snowjewel.com\/wp-content\/uploads\/2022\/02\/group-2013.jpeg&#8220; custom_padding=&#8220;||326px|||&#8220; global_colors_info=&#8220;{}&#8220;][et_pb_row _builder_version=&#8220;4.14.7&#8243; _module_preset=&#8220;default&#8220; global_colors_info=&#8220;{}&#8220;][et_pb_column type=&#8220;4_4&#8243; _builder_version=&#8220;4.14.7&#8243; _module_preset=&#8220;default&#8220; global_colors_info=&#8220;{}&#8220;][\/et_pb_column][\/et_pb_row][\/et_pb_section][et_pb_section fb_built=&#8220;1&#8243; _builder_version=&#8220;3.22&#8243; custom_padding=&#8220;64px||110px|||&#8220; global_colors_info=&#8220;{}&#8220;][et_pb_row column_structure=&#8220;1_2,1_2&#8243; _builder_version=&#8220;4.14.9&#8243; hover_enabled=&#8220;0&#8243; global_colors_info=&#8220;{}&#8220; width=&#8220;95%&#8220; sticky_enabled=&#8220;0&#8243;][et_pb_column type=&#8220;1_2&#8243; _builder_version=&#8220;3.25&#8243; custom_padding=&#8220;|||&#8220; global_colors_info=&#8220;{}&#8220; custom_padding__hover=&#8220;|||&#8220;][et_pb_text disabled_on=&#8220;off|on|on&#8220; admin_label=&#8220;Discover Beatuty Title&#8220; _builder_version=&#8220;4.14.7&#8243; text_font=&#8220;||||&#8220; text_text_color=&#8220;#1a1a1a&#8220; header_font=&#8220;Oswald|700|||||||&#8220; header_text_align=&#8220;right&#8220; header_font_size=&#8220;60px&#8220; header_line_height=&#8220;1.3em&#8220; animation_style=&#8220;slide&#8220; animation_direction=&#8220;top&#8220; animation_intensity_slide=&#8220;10%&#8220; global_colors_info=&#8220;{}&#8220;]<\/p>\n<h1 style=\"text-align: left;\">Der Veranstalter<\/h1>\n<p>[\/et_pb_text][et_pb_text admin_label=&#8220;Discover Beatuty Sub Title&#8220; _builder_version=&#8220;4.14.7&#8243; text_font=&#8220;Roboto||||&#8220; text_text_color=&#8220;#1a1a1a&#8220; text_font_size=&#8220;24px&#8220; text_line_height=&#8220;1.4em&#8220; animation_style=&#8220;slide&#8220; animation_direction=&#8220;top&#8220; animation_intensity_slide=&#8220;10%&#8220; global_colors_info=&#8220;{}&#8220;]<\/p>\n<p style=\"text-align: justify;\">Ich heisse Roger Pfister, bin Schweizer, 1960 in Bern geboren und wohnhaft in Kathmandu. Ich spreche fliessend Englisch, Deutsch und habe italienische und franz\u00f6sische Grundkenntnisse ..<\/p>\n<p>[\/et_pb_text][et_pb_divider color=&#8220;#ed4441&#8243; divider_position=&#8220;center&#8220; divider_weight=&#8220;3px&#8220; disabled_on=&#8220;off|off|off&#8220; _builder_version=&#8220;3.2&#8243; max_width=&#8220;150px&#8220; height=&#8220;false&#8220; animation_style=&#8220;slide&#8220; animation_direction=&#8220;top&#8220; animation_delay=&#8220;100ms&#8220; animation_intensity_slide=&#8220;10%&#8220; global_colors_info=&#8220;{}&#8220;][\/et_pb_divider][et_pb_text admin_label=&#8220;Discover Beatuty Text&#8220; _builder_version=&#8220;4.14.7&#8243; text_font=&#8220;Roboto||||&#8220; text_font_size=&#8220;16px&#8220; text_line_height=&#8220;1.9em&#8220; custom_margin=&#8220;||26px|||&#8220; custom_padding=&#8220;30px|||&#8220; animation_style=&#8220;slide&#8220; animation_direction=&#8220;top&#8220; animation_delay=&#8220;200ms&#8220; animation_intensity_slide=&#8220;10%&#8220; global_colors_info=&#8220;{}&#8220;]<\/p>\n<p style=\"text-align: justify;\">Ich lebe seit 1995 an der Boudnath Stupa in Kathmandu, Nepal,<br \/>wo ich f\u00fcr 5 \u00bd Jahre als Volont\u00e4r f\u00fcr das ROKPA Nepal Wohlt\u00e4tigkeitsprojekt gearbeitet habe.<\/p>\n<p style=\"text-align: justify;\">Das Projekt umfasst ein Kinderheim f\u00fcr 42 meist ehemalige Strassenkinder, welches ich betreute, sowie eine medizinische Klinik und ein Frauenworkshop zur Selbsthilfe. W\u00e4hrend der kalten Wintermonate betreut ROKPA auch ein Projekt, welches Suppenk\u00fcche , medizinische Versorgung und Kleider f\u00fcr Bed\u00fcrftige zur Verf\u00fcgung stellt. <a href=\"http:\/\/www.rokpa.org\/\" target=\"_blank\" rel=\"noopener\">Rokpa Nepal<\/a><\/p>\n<p style=\"text-align: justify;\">Von 1996 bis 2019 habe ich mehrere Vipassana R\u00fcckz\u00fcge in Thailand (Wat Ram Poeng) <a href=\"http:\/\/www.palikanon.com\/vipassana\/tapotaram\/tapotaram.htm\" target=\"_blank\" rel=\"noopener\">Wat Ram poeng insight meditation <\/a><a href=\"http:\/\/www.palikanon.com\/vipassana\/tapotaram\/tapotaram.htm\" target=\"_blank\" rel=\"noopener\">center<\/a>Wat Ram poeng insight meditation center und in Bodh Gaya, Indien bei Christopher Titmuss &amp; Jaya Ashmore gemacht. <a href=\"http:\/\/www.insightmeditation.org\/\" target=\"_blank\" rel=\"noopener\">Christopher Titmuss Vipassana meditation<\/a> .<\/p>\n<p style=\"text-align: justify;\">Im Winter 1997\/98 habe ich angefangen, f\u00fcr 2 Semester an der Shedra (Buddh.Universit\u00e4t) des Ka-Nying Klosters, Bodnath tibetische Philosophie zu studieren. <a href=\"http:\/\/www.ryi.org\/\" target=\"_blank\" rel=\"noopener\">Shedra<\/a><\/p>\n<p style=\"text-align: justify;\">Im Winter 99\/00 nahm ich an <a href=\"http:\/\/www.ktgrinpoche.org\/biography.html\" target=\"_blank\" rel=\"noopener\">Kenpo Tsultrim Rinpoch<\/a> Belehrungen im Pullahari Kloster, Bodnath teil.<\/p>\n<p style=\"text-align: justify;\">Meine erste Reise zum Mount Kailash unternahm ich im Fr\u00fchjahr \u201996 und seitdem habe mehr als 100 Kailash- und 14 Manosarovar See \u2013 Umrundungen gemacht. Bis jetzt hatte ich die Gelegenheit, in allen Monaten von April bis November, an den heiligen Berg zu reisen. 2010 bei der Waser &amp; Kailash Reise, haben wir alle vier Quellen (Sutlej, Karnali, Indus und Brhamabutra) und weitere heilige Quellen besucht. Da ich als Volont\u00e4er t\u00e4tig war, suchte ich einen Weg mein spezielles Eigentinteresse mit bezahlter Arbeit zu kombinieren. Ich wollte meine Hochachtung vor Tibet mit anderen teilen und sie an meiner Erfahrung und meinem Wissen teilhaben lassen. Aus diesem Grund begann ich \u201998 Gruppen an den Berg zu f\u00fchren und Kailash Reisen f\u00fcr Gruppen und Individualreisende ab Kathmandu und Chengdu (China) anzubieten.<\/p>\n<p>[\/et_pb_text][et_pb_button button_url=&#8220;https:\/\/snowjewel.com\/de\/kontaktiere-uns\/&#8220; button_text=&#8220;Kontakt&#8220; button_alignment=&#8220;left&#8220; admin_label=&#8220;Gallery Button&#8220; _builder_version=&#8220;4.14.8&#8243; custom_button=&#8220;on&#8220; button_text_color=&#8220;#FFFFFF&#8220; button_bg_color=&#8220;gcid-c34dd9be-7093-4f8b-943f-d67f80a9b109&#8243; button_border_color=&#8220;#FFA800&#8243; button_border_radius=&#8220;0px&#8220; button_letter_spacing=&#8220;4px&#8220; button_font=&#8220;Oswald|700|||||||&#8220; button_icon=&#8220;&#x24;||divi||400&#8243; button_icon_color=&#8220;#ffcc00&#8243; custom_padding=&#8220;||||false|false&#8220; button_border_color_hover=&#8220;#1a1a1a&#8220; button_border_radius_hover=&#8220;0px&#8220; button_letter_spacing_hover=&#8220;4px&#8220; button_bg_color_hover=&#8220;rgba(0,0,0,0)&#8220; locked=&#8220;off&#8220; global_colors_info=&#8220;{%22gcid-c34dd9be-7093-4f8b-943f-d67f80a9b109%22:%91%22button_bg_color%22%93}&#8220; button_text_size__hover_enabled=&#8220;on|hover&#8220; button_one_text_size__hover_enabled=&#8220;off&#8220; button_two_text_size__hover_enabled=&#8220;off&#8220; button_text_color__hover_enabled=&#8220;off&#8220; button_one_text_color__hover_enabled=&#8220;off&#8220; button_two_text_color__hover_enabled=&#8220;off&#8220; button_border_width__hover_enabled=&#8220;off&#8220; button_one_border_width__hover_enabled=&#8220;off&#8220; button_two_border_width__hover_enabled=&#8220;off&#8220; button_border_color__hover_enabled=&#8220;on|hover&#8220; button_border_color__hover=&#8220;#FFA800&#8243; button_one_border_color__hover_enabled=&#8220;off&#8220; button_two_border_color__hover_enabled=&#8220;off&#8220; button_border_radius__hover_enabled=&#8220;on&#8220; button_border_radius__hover=&#8220;0px&#8220; button_one_border_radius__hover_enabled=&#8220;off&#8220; button_two_border_radius__hover_enabled=&#8220;off&#8220; button_letter_spacing__hover_enabled=&#8220;on&#8220; button_letter_spacing__hover=&#8220;4px&#8220; button_one_letter_spacing__hover_enabled=&#8220;off&#8220; button_two_letter_spacing__hover_enabled=&#8220;off&#8220; button_bg_color__hover_enabled=&#8220;on&#8220; button_bg_color__hover=&#8220;#FFA800&#8243; button_one_bg_color__hover_enabled=&#8220;off&#8220; button_two_bg_color__hover_enabled=&#8220;off&#8220;][\/et_pb_button][et_pb_image src=&#8220;https:\/\/snowjewel.com\/wp-content\/uploads\/2022\/02\/IMG_4115.jpeg&#8220; title_text=&#8220;IMG_4115&#8243; _builder_version=&#8220;4.14.7&#8243; _module_preset=&#8220;default&#8220; global_colors_info=&#8220;{}&#8220;][\/et_pb_image][\/et_pb_column][et_pb_column type=&#8220;1_2&#8243; _builder_version=&#8220;3.25&#8243; custom_padding=&#8220;|||&#8220; global_colors_info=&#8220;{}&#8220; custom_padding__hover=&#8220;|||&#8220;][et_pb_text disabled_on=&#8220;on|off|off&#8220; admin_label=&#8220;Discover Beatuty Title&#8220; _builder_version=&#8220;4.14.7&#8243; text_font=&#8220;||||&#8220; text_text_color=&#8220;#1a1a1a&#8220; header_font=&#8220;Oswald|700|||||||&#8220; header_text_align=&#8220;right&#8220; header_font_size=&#8220;60px&#8220; header_line_height=&#8220;1.3em&#8220; animation_style=&#8220;slide&#8220; animation_direction=&#8220;top&#8220; animation_intensity_slide=&#8220;10%&#8220; global_colors_info=&#8220;{}&#8220;]<\/p>\n<h1>Der Veranstalter<\/h1>\n<p>[\/et_pb_text][et_pb_image src=&#8220;https:\/\/snowjewel.com\/wp-content\/uploads\/2022\/02\/shiva-tsal-small.jpeg&#8220; title_text=&#8220;shiva tsal small&#8220; force_fullwidth=&#8220;on&#8220; align_tablet=&#8220;center&#8220; align_phone=&#8220;center&#8220; align_last_edited=&#8220;on|desktop&#8220; _builder_version=&#8220;4.14.7&#8243; custom_margin=&#8220;85px||51px|||&#8220; animation_style=&#8220;fold&#8220; animation_direction=&#8220;right&#8220; animation_intensity_fold=&#8220;20%&#8220; animation=&#8220;fade_in&#8220; global_colors_info=&#8220;{}&#8220;][\/et_pb_image][et_pb_image src=&#8220;https:\/\/snowjewel.com\/wp-content\/uploads\/2022\/02\/gyanste-small.jpeg&#8220; title_text=&#8220;gyanste small&#8220; _builder_version=&#8220;4.14.7&#8243; _module_preset=&#8220;default&#8220; custom_margin=&#8220;28px|||||&#8220; global_colors_info=&#8220;{}&#8220;][\/et_pb_image][\/et_pb_column][\/et_pb_row][\/et_pb_section]<\/p>\n","protected":false},"excerpt":{"rendered":"<p>Der VeranstalterIch heisse Roger Pfister, bin Schweizer, 1960 in Bern geboren und wohnhaft in Kathmandu. Ich spreche fliessend Englisch, Deutsch und habe italienische und franz\u00f6sische Grundkenntnisse ..Ich lebe seit 1995 an der Boudnath Stupa in Kathmandu, Nepal,wo ich f\u00fcr 5 \u00bd Jahre als Volont\u00e4r f\u00fcr das ROKPA Nepal Wohlt\u00e4tigkeitsprojekt gearbeitet habe. Das Projekt umfasst ein [&hellip;]<\/p>\n","protected":false},"author":1,"featured_media":0,"parent":0,"menu_order":0,"comment_status":"closed","ping_status":"closed","template":"","meta":{"_et_pb_use_builder":"on","_et_pb_old_content":"","_et_gb_content_width":"","footnotes":""},"class_list":["post-4172","page","type-page","status-publish","hentry"],"_links":{"self":[{"href":"https:\/\/snowjewel.com\/de\/wp-json\/wp\/v2\/pages\/4172","targetHints":{"allow":["GET"]}}],"collection":[{"href":"https:\/\/snowjewel.com\/de\/wp-json\/wp\/v2\/pages"}],"about":[{"href":"https:\/\/snowjewel.com\/de\/wp-json\/wp\/v2\/types\/page"}],"author":[{"embeddable":true,"href":"https:\/\/snowjewel.com\/de\/wp-json\/wp\/v2\/users\/1"}],"replies":[{"embeddable":true,"href":"https:\/\/snowjewel.com\/de\/wp-json\/wp\/v2\/comments?post=4172"}],"version-history":[{"count":8,"href":"https:\/\/snowjewel.com\/de\/wp-json\/wp\/v2\/pages\/4172\/revisions"}],"predecessor-version":[{"id":4522,"href":"https:\/\/snowjewel.com\/de\/wp-json\/wp\/v2\/pages\/4172\/revisions\/4522"}],"wp:attachment":[{"href":"https:\/\/snowjewel.com\/de\/wp-json\/wp\/v2\/media?parent=4172"}],"curies":[{"name":"wp","href":"https:\/\/api.w.org\/{rel}","templated":true}]}}