{"id":4169,"date":"2022-02-12T11:30:12","date_gmt":"2022-02-12T11:30:12","guid":{"rendered":"https:\/\/me.liatto.com\/reisen-mit-roger\/"},"modified":"2022-06-28T08:29:18","modified_gmt":"2022-06-28T08:29:18","slug":"reisen-mit-roger","status":"publish","type":"page","link":"https:\/\/snowjewel.com\/de\/reisen-mit-roger\/","title":{"rendered":"Reisen mit Roger"},"content":{"rendered":"<p>[et_pb_section fb_built=&#8220;1&#8243; admin_label=&#8220;Look Inside Section&#8220; _builder_version=&#8220;4.14.7&#8243; background_image=&#8220;https:\/\/snowjewel.com\/wp-content\/uploads\/2022\/02\/group-min-scaled.jpg&#8220; background_position=&#8220;top_center&#8220; custom_padding=&#8220;0px||0px|&#8220; global_colors_info=&#8220;{}&#8220;][et_pb_row column_structure=&#8220;1_2,1_2&#8243; use_custom_gutter=&#8220;on&#8220; gutter_width=&#8220;1&#8243; make_equal=&#8220;on&#8220; module_class=&#8220; et_pb_row_fullwidth&#8220; _builder_version=&#8220;4.14.9&#8243; width=&#8220;100%&#8220; width_tablet=&#8220;100%&#8220; width_phone=&#8220;100%&#8220; width_last_edited=&#8220;on|phone&#8220; max_width=&#8220;100%&#8220; max_width_tablet=&#8220;100%&#8220; max_width_phone=&#8220;100%&#8220; max_width_last_edited=&#8220;on|desktop&#8220; custom_padding=&#8220;0px||0px|&#8220; hover_enabled=&#8220;0&#8243; make_fullwidth=&#8220;on&#8220; global_colors_info=&#8220;{}&#8220; sticky_enabled=&#8220;0&#8243;][et_pb_column type=&#8220;1_2&#8243; _builder_version=&#8220;3.25&#8243; parallax=&#8220;on&#8220; custom_padding=&#8220;|||&#8220; global_colors_info=&#8220;{}&#8220; custom_padding__hover=&#8220;|||&#8220;][et_pb_image align_tablet=&#8220;center&#8220; align_phone=&#8220;center&#8220; align_last_edited=&#8220;on|desktop&#8220; _builder_version=&#8220;3.23&#8243; animation_style=&#8220;slide&#8220; animation_direction=&#8220;left&#8220; animation_duration=&#8220;500ms&#8220; animation_intensity_slide=&#8220;10%&#8220; global_colors_info=&#8220;{}&#8220;][\/et_pb_image][\/et_pb_column][et_pb_column type=&#8220;1_2&#8243; _builder_version=&#8220;3.25&#8243; use_background_color_gradient=&#8220;on&#8220; background_color_gradient_start=&#8220;#ffffff&#8220; background_color_gradient_end=&#8220;rgba(255,255,255,0.85)&#8220; background_color_gradient_end_position=&#8220;50%&#8220; custom_padding=&#8220;8%|6%|6%|6%&#8220; global_colors_info=&#8220;{}&#8220; custom_padding__hover=&#8220;|||&#8220;][et_pb_text admin_label=&#8220;Look Inside Title&#8220; _builder_version=&#8220;4.14.7&#8243; text_font=&#8220;||||&#8220; text_text_color=&#8220;#1a1a1a&#8220; header_font=&#8220;Oswald|700|||||||&#8220; header_text_align=&#8220;left&#8220; header_font_size=&#8220;60px&#8220; header_line_height=&#8220;1.3em&#8220; max_width=&#8220;450px&#8220; custom_margin=&#8220;|||&#8220; custom_padding=&#8220;|||&#8220; animation_style=&#8220;slide&#8220; animation_direction=&#8220;top&#8220; animation_intensity_slide=&#8220;10%&#8220; locked=&#8220;off&#8220; global_colors_info=&#8220;{}&#8220;]<\/p>\n<h1>Reisen in Begleitung von Roger<\/h1>\n<p>[\/et_pb_text][et_pb_divider color=&#8220;#ed4441&#8243; divider_position=&#8220;center&#8220; divider_weight=&#8220;3px&#8220; disabled_on=&#8220;off|off|off&#8220; _builder_version=&#8220;3.2&#8243; max_width=&#8220;150px&#8220; height=&#8220;false&#8220; custom_margin=&#8220;13px|||||&#8220; animation_style=&#8220;slide&#8220; animation_direction=&#8220;top&#8220; animation_delay=&#8220;100ms&#8220; animation_intensity_slide=&#8220;10%&#8220; locked=&#8220;off&#8220; global_colors_info=&#8220;{}&#8220;][\/et_pb_divider][et_pb_text admin_label=&#8220;Look Inside Sub Title&#8220; _builder_version=&#8220;4.14.7&#8243; text_font=&#8220;Roboto||||&#8220; text_text_color=&#8220;#1a1a1a&#8220; text_font_size=&#8220;24px&#8220; text_line_height=&#8220;1.4em&#8220; max_width=&#8220;450px&#8220; custom_padding=&#8220;8px|||||&#8220; animation_style=&#8220;slide&#8220; animation_direction=&#8220;top&#8220; animation_delay=&#8220;200ms&#8220; animation_intensity_slide=&#8220;10%&#8220; locked=&#8220;off&#8220; global_colors_info=&#8220;{}&#8220;]<\/p>\n<p><strong>Westlicher Reisef\u00fchrer und Mitreisender:<\/strong><\/p>\n<p>[\/et_pb_text][et_pb_text admin_label=&#8220;Look Inside Text&#8220; _builder_version=&#8220;4.14.9&#8243; text_font=&#8220;Roboto||||&#8220; text_font_size=&#8220;16px&#8220; text_line_height=&#8220;1.9em&#8220; max_width=&#8220;450px&#8220; custom_margin=&#8220;6px|||||&#8220; custom_padding=&#8220;||29px|||&#8220; animation_style=&#8220;slide&#8220; animation_direction=&#8220;top&#8220; animation_delay=&#8220;400ms&#8220; animation_intensity_slide=&#8220;4%&#8220; hover_enabled=&#8220;0&#8243; locked=&#8220;off&#8220; global_colors_info=&#8220;{}&#8220; sticky_enabled=&#8220;0&#8243;]<\/p>\n<p style=\"text-align: justify;\">Um neueste Informationen zu erhalten begleite ich in der Regel zwei Reisen pro Jahr selbst nach Tibet und Mt. Kailash. Das erlaubt mir somit Kunden mit neuesten Informationen zu versorgen. Diese Reise finden normalerweise zu Beginn und Ende des Jahres oder w\u00e4hrend Spezial Festivals statt. Alle Reisen, die ich begleite haben \u00fcblicherweise ein ausf\u00fchrlicheres Itinerary, welches Mitreisenden erlaubt spirituellen oder kulturellen Aktivit\u00e4ten nachzugehen.<\/p>\n<p style=\"text-align: justify;\">Auf diesen Reisen bin ich normalerweise nur ein Mitreisender, nicht Reisef\u00fchrer, aber teile trotzdem gerne mein Wissen, Erfahrung und meine Achtung f\u00fcr Tibet und Buddhismus mit Interessierten. F\u00fcr diejenigen, die einen westlichen Reisef\u00fchrer w\u00fcnschen, begleite ich die Reise oder stelle jemanden zur Verf\u00fcgung, der fliessend Tibetisch spricht und Buddhismus kundig ist (nicht im normalen Preis inbegriffen). Bitte geben Sie uns ausreichend Zeit Ihnen diese Leistung zu arrangieren .<\/p>\n<p>[\/et_pb_text][et_pb_button button_url=&#8220;#&#8220; button_text=&#8220;Kontaktiere mich&#8220; button_alignment=&#8220;left&#8220; admin_label=&#8220;Gallery Button&#8220; _builder_version=&#8220;4.14.7&#8243; custom_button=&#8220;on&#8220; button_text_color=&#8220;#1a1a1a&#8220; button_border_radius=&#8220;0px&#8220; button_letter_spacing=&#8220;4px&#8220; button_font=&#8220;Oswald|on||on|&#8220; button_icon=&#8220;&#x24;||divi||400&#8243; button_icon_color=&#8220;#1a1a1a&#8220; button_border_color_hover=&#8220;#1a1a1a&#8220; button_border_radius_hover=&#8220;0px&#8220; button_letter_spacing_hover=&#8220;4px&#8220; button_bg_color_hover=&#8220;rgba(0,0,0,0)&#8220; locked=&#8220;off&#8220; global_colors_info=&#8220;{}&#8220; button_text_size__hover_enabled=&#8220;off&#8220; button_one_text_size__hover_enabled=&#8220;off&#8220; button_two_text_size__hover_enabled=&#8220;off&#8220; button_text_color__hover_enabled=&#8220;off&#8220; button_one_text_color__hover_enabled=&#8220;off&#8220; button_two_text_color__hover_enabled=&#8220;off&#8220; button_border_width__hover_enabled=&#8220;off&#8220; button_one_border_width__hover_enabled=&#8220;off&#8220; button_two_border_width__hover_enabled=&#8220;off&#8220; button_border_color__hover_enabled=&#8220;on&#8220; button_border_color__hover=&#8220;#1a1a1a&#8220; button_one_border_color__hover_enabled=&#8220;off&#8220; button_two_border_color__hover_enabled=&#8220;off&#8220; button_border_radius__hover_enabled=&#8220;on&#8220; button_border_radius__hover=&#8220;0px&#8220; button_one_border_radius__hover_enabled=&#8220;off&#8220; button_two_border_radius__hover_enabled=&#8220;off&#8220; button_letter_spacing__hover_enabled=&#8220;on&#8220; button_letter_spacing__hover=&#8220;4px&#8220; button_one_letter_spacing__hover_enabled=&#8220;off&#8220; button_two_letter_spacing__hover_enabled=&#8220;off&#8220; button_bg_color__hover_enabled=&#8220;on&#8220; button_bg_color__hover=&#8220;rgba(0,0,0,0)&#8220; button_one_bg_color__hover_enabled=&#8220;off&#8220; button_two_bg_color__hover_enabled=&#8220;off&#8220;][\/et_pb_button][\/et_pb_column][\/et_pb_row][\/et_pb_section][et_pb_section fb_built=&#8220;1&#8243; _builder_version=&#8220;4.14.7&#8243; _module_preset=&#8220;default&#8220; custom_padding=&#8220;1px||6px|||&#8220; global_colors_info=&#8220;{}&#8220;][et_pb_row column_structure=&#8220;1_2,1_2&#8243; use_custom_gutter=&#8220;on&#8220; gutter_width=&#8220;1&#8243; _builder_version=&#8220;4.14.7&#8243; _module_preset=&#8220;default&#8220; width=&#8220;100%&#8220; max_width=&#8220;2560px&#8220; custom_padding=&#8220;5px|||||&#8220; global_colors_info=&#8220;{}&#8220;][et_pb_column type=&#8220;1_2&#8243; _builder_version=&#8220;4.14.7&#8243; _module_preset=&#8220;default&#8220; global_colors_info=&#8220;{}&#8220;][et_pb_image src=&#8220;https:\/\/snowjewel.com\/wp-content\/uploads\/2022\/02\/IMG_4115.jpeg&#8220; title_text=&#8220;IMG_4115&#8243; _builder_version=&#8220;4.14.7&#8243; _module_preset=&#8220;default&#8220; global_colors_info=&#8220;{}&#8220;][\/et_pb_image][\/et_pb_column][et_pb_column type=&#8220;1_2&#8243; _builder_version=&#8220;4.14.7&#8243; _module_preset=&#8220;default&#8220; global_colors_info=&#8220;{}&#8220;][et_pb_image src=&#8220;https:\/\/snowjewel.com\/wp-content\/uploads\/2022\/02\/Picture-089-min.jpg&#8220; title_text=&#8220;Picture 089-min&#8220; _builder_version=&#8220;4.14.7&#8243; _module_preset=&#8220;default&#8220; global_colors_info=&#8220;{}&#8220;][\/et_pb_image][\/et_pb_column][\/et_pb_row][\/et_pb_section][et_pb_section fb_built=&#8220;1&#8243; _builder_version=&#8220;4.14.7&#8243; _module_preset=&#8220;default&#8220; custom_padding=&#8220;29px||46px|||&#8220; global_colors_info=&#8220;{}&#8220;][et_pb_row _builder_version=&#8220;4.14.7&#8243; _module_preset=&#8220;default&#8220; global_colors_info=&#8220;{}&#8220;][et_pb_column type=&#8220;4_4&#8243; _builder_version=&#8220;4.14.7&#8243; _module_preset=&#8220;default&#8220; global_colors_info=&#8220;{}&#8220;][\/et_pb_column][\/et_pb_row][\/et_pb_section]<\/p>\n","protected":false},"excerpt":{"rendered":"<p>Reisen in Begleitung von RogerWestlicher Reisef\u00fchrer und Mitreisender:Um neueste Informationen zu erhalten begleite ich in der Regel zwei Reisen pro Jahr selbst nach Tibet und Mt. Kailash. Das erlaubt mir somit Kunden mit neuesten Informationen zu versorgen. Diese Reise finden normalerweise zu Beginn und Ende des Jahres oder w\u00e4hrend Spezial Festivals statt. Alle Reisen, die [&hellip;]<\/p>\n","protected":false},"author":1,"featured_media":0,"parent":0,"menu_order":0,"comment_status":"closed","ping_status":"closed","template":"","meta":{"_et_pb_use_builder":"on","_et_pb_old_content":"","_et_gb_content_width":"","footnotes":""},"class_list":["post-4169","page","type-page","status-publish","hentry"],"_links":{"self":[{"href":"https:\/\/snowjewel.com\/de\/wp-json\/wp\/v2\/pages\/4169","targetHints":{"allow":["GET"]}}],"collection":[{"href":"https:\/\/snowjewel.com\/de\/wp-json\/wp\/v2\/pages"}],"about":[{"href":"https:\/\/snowjewel.com\/de\/wp-json\/wp\/v2\/types\/page"}],"author":[{"embeddable":true,"href":"https:\/\/snowjewel.com\/de\/wp-json\/wp\/v2\/users\/1"}],"replies":[{"embeddable":true,"href":"https:\/\/snowjewel.com\/de\/wp-json\/wp\/v2\/comments?post=4169"}],"version-history":[{"count":3,"href":"https:\/\/snowjewel.com\/de\/wp-json\/wp\/v2\/pages\/4169\/revisions"}],"predecessor-version":[{"id":4525,"href":"https:\/\/snowjewel.com\/de\/wp-json\/wp\/v2\/pages\/4169\/revisions\/4525"}],"wp:attachment":[{"href":"https:\/\/snowjewel.com\/de\/wp-json\/wp\/v2\/media?parent=4169"}],"curies":[{"name":"wp","href":"https:\/\/api.w.org\/{rel}","templated":true}]}}