{"id":4159,"date":"2022-02-12T10:55:25","date_gmt":"2022-02-12T10:55:25","guid":{"rendered":"https:\/\/me.liatto.com\/kailash-buecher\/"},"modified":"2022-06-28T08:31:04","modified_gmt":"2022-06-28T08:31:04","slug":"kailash-buecher","status":"publish","type":"page","link":"https:\/\/snowjewel.com\/de\/kailash-buecher\/","title":{"rendered":"Kailash B\u00fccher"},"content":{"rendered":"<p>[et_pb_section fb_built=&#8220;1&#8243; _builder_version=&#8220;3.22&#8243; custom_padding=&#8220;48px||110px|||&#8220; global_colors_info=&#8220;{}&#8220;][et_pb_row column_structure=&#8220;1_2,1_2&#8243; _builder_version=&#8220;4.14.9&#8243; hover_enabled=&#8220;0&#8243; global_colors_info=&#8220;{}&#8220; width=&#8220;95%&#8220; sticky_enabled=&#8220;0&#8243;][et_pb_column type=&#8220;1_2&#8243; _builder_version=&#8220;3.25&#8243; custom_padding=&#8220;|||&#8220; global_colors_info=&#8220;{}&#8220; custom_padding__hover=&#8220;|||&#8220;][et_pb_text admin_label=&#8220;Discover Beatuty Title&#8220; _builder_version=&#8220;4.14.7&#8243; text_font=&#8220;||||&#8220; text_text_color=&#8220;#1a1a1a&#8220; header_font=&#8220;Oswald|700|||||||&#8220; header_text_align=&#8220;right&#8220; header_line_height=&#8220;1.3em&#8220; animation_style=&#8220;slide&#8220; animation_direction=&#8220;top&#8220; animation_intensity_slide=&#8220;10%&#8220; global_colors_info=&#8220;{}&#8220;]<\/p>\n<h1 style=\"text-align: left;\">B\u00fccher \u00fcber Mt. Kailash und Tibet<\/h1>\n<p>[\/et_pb_text][et_pb_text admin_label=&#8220;Discover Beatuty Sub Title&#8220; _builder_version=&#8220;4.14.7&#8243; text_font=&#8220;Roboto||||&#8220; text_text_color=&#8220;#1a1a1a&#8220; text_font_size=&#8220;19px&#8220; text_line_height=&#8220;1.4em&#8220; custom_margin=&#8220;||9px|||&#8220; animation_style=&#8220;slide&#8220; animation_direction=&#8220;top&#8220; animation_intensity_slide=&#8220;10%&#8220; global_colors_info=&#8220;{}&#8220;]<\/p>\n<p style=\"text-align: justify;\">Diese kleine B\u00fccherliste sind meines Erachtens die wichtigsten B\u00fccher, um ein paar Hintergrundinformationen \u00fcber Mount Kailash zu bekommen. Einige davon sind nur \u00fcber Kailash, w\u00e4hrend andere \u00fcber Kailash in einem Kapitel schreiben, sowie Informationen \u00fcber Tibet und sprituelle Aspekte des tibetischen Buddhismus behandeln.<\/p>\n<p>[\/et_pb_text][et_pb_divider color=&#8220;#ed4441&#8243; divider_position=&#8220;center&#8220; divider_weight=&#8220;3px&#8220; disabled_on=&#8220;off|off|off&#8220; _builder_version=&#8220;3.2&#8243; max_width=&#8220;150px&#8220; height=&#8220;false&#8220; animation_style=&#8220;slide&#8220; animation_direction=&#8220;top&#8220; animation_delay=&#8220;100ms&#8220; animation_intensity_slide=&#8220;10%&#8220; global_colors_info=&#8220;{}&#8220;][\/et_pb_divider][et_pb_text admin_label=&#8220;Discover Beatuty Text&#8220; _builder_version=&#8220;4.14.7&#8243; text_font=&#8220;Roboto||||&#8220; text_font_size=&#8220;16px&#8220; text_line_height=&#8220;1.9em&#8220; custom_padding=&#8220;8px|||||&#8220; animation_style=&#8220;slide&#8220; animation_direction=&#8220;top&#8220; animation_delay=&#8220;200ms&#8220; animation_intensity_slide=&#8220;10%&#8220; global_colors_info=&#8220;{}&#8220;]<\/p>\n<ol>\n<li>The sacred life of Tibet : <a href=\"http:\/\/www.keithdowman.net\/\" target=\"_blank\" rel=\"noopener\">By Keith Downman <\/a> <\/li>\n<li>Power places of Tibet: <a href=\"http:\/\/www.keithdowman.net\/\" target=\"_blank\" rel=\"noopener\">By Keith Downman<\/a><\/li>\n<li>The way of the white clouds: By Lama Govinda<\/li>\n<li>The Sacred mountain: By John Snelling<\/li>\n<li>Walking to the holy mountain: By Wendy Rowe<\/li>\n<li>Kailash Manasarovar: By Swami Pranavananda<\/li>\n<li>Tibet Hand Book : By Gurme Dorje<\/li>\n<\/ol>\n<p>[\/et_pb_text][\/et_pb_column][et_pb_column type=&#8220;1_2&#8243; _builder_version=&#8220;3.25&#8243; custom_padding=&#8220;|||&#8220; global_colors_info=&#8220;{}&#8220; custom_padding__hover=&#8220;|||&#8220;][et_pb_image src=&#8220;https:\/\/snowjewel.com\/wp-content\/uploads\/2022\/02\/0118_86.jpeg&#8220; title_text=&#8220;0118_86&#8243; force_fullwidth=&#8220;on&#8220; align_tablet=&#8220;center&#8220; align_phone=&#8220;center&#8220; align_last_edited=&#8220;on|desktop&#8220; _builder_version=&#8220;4.14.7&#8243; custom_margin=&#8220;90px||2px|||&#8220; animation_style=&#8220;fold&#8220; animation_direction=&#8220;right&#8220; animation_intensity_fold=&#8220;20%&#8220; animation=&#8220;fade_in&#8220; global_colors_info=&#8220;{}&#8220;][\/et_pb_image][et_pb_text admin_label=&#8220;Discover Beatuty Text&#8220; _builder_version=&#8220;4.14.7&#8243; text_font=&#8220;Roboto||||&#8220; text_line_height=&#8220;1.9em&#8220; custom_padding=&#8220;8px|||||&#8220; animation_style=&#8220;slide&#8220; animation_direction=&#8220;top&#8220; animation_delay=&#8220;200ms&#8220; animation_intensity_slide=&#8220;10%&#8220; global_colors_info=&#8220;{}&#8220;]<\/p>\n<p><em>Picture: Hans-Peter Riesen, Para Tours, Bern, Switzerland, <a href=\"http:\/\/www.para-tours.ch\/\" target=\"_blank\" rel=\"noopener\">www.para-tours.ch<\/a><\/em><\/p>\n<p>[\/et_pb_text][\/et_pb_column][\/et_pb_row][\/et_pb_section]<\/p>\n","protected":false},"excerpt":{"rendered":"<p>B\u00fccher \u00fcber Mt. Kailash und TibetDiese kleine B\u00fccherliste sind meines Erachtens die wichtigsten B\u00fccher, um ein paar Hintergrundinformationen \u00fcber Mount Kailash zu bekommen. Einige davon sind nur \u00fcber Kailash, w\u00e4hrend andere \u00fcber Kailash in einem Kapitel schreiben, sowie Informationen \u00fcber Tibet und sprituelle Aspekte des tibetischen Buddhismus behandeln. The sacred life of Tibet : By [&hellip;]<\/p>\n","protected":false},"author":1,"featured_media":0,"parent":0,"menu_order":0,"comment_status":"closed","ping_status":"closed","template":"","meta":{"_et_pb_use_builder":"on","_et_pb_old_content":"","_et_gb_content_width":"","footnotes":""},"class_list":["post-4159","page","type-page","status-publish","hentry"],"_links":{"self":[{"href":"https:\/\/snowjewel.com\/de\/wp-json\/wp\/v2\/pages\/4159","targetHints":{"allow":["GET"]}}],"collection":[{"href":"https:\/\/snowjewel.com\/de\/wp-json\/wp\/v2\/pages"}],"about":[{"href":"https:\/\/snowjewel.com\/de\/wp-json\/wp\/v2\/types\/page"}],"author":[{"embeddable":true,"href":"https:\/\/snowjewel.com\/de\/wp-json\/wp\/v2\/users\/1"}],"replies":[{"embeddable":true,"href":"https:\/\/snowjewel.com\/de\/wp-json\/wp\/v2\/comments?post=4159"}],"version-history":[{"count":6,"href":"https:\/\/snowjewel.com\/de\/wp-json\/wp\/v2\/pages\/4159\/revisions"}],"predecessor-version":[{"id":4526,"href":"https:\/\/snowjewel.com\/de\/wp-json\/wp\/v2\/pages\/4159\/revisions\/4526"}],"wp:attachment":[{"href":"https:\/\/snowjewel.com\/de\/wp-json\/wp\/v2\/media?parent=4159"}],"curies":[{"name":"wp","href":"https:\/\/api.w.org\/{rel}","templated":true}]}}